{"id":602,"date":"2021-06-01T10:40:07","date_gmt":"2021-06-01T09:40:07","guid":{"rendered":"http:\/\/hrdh.hr\/?page_id=602"},"modified":"2022-02-08T12:39:01","modified_gmt":"2022-02-08T11:39:01","slug":"smjernice","status":"publish","type":"page","link":"https:\/\/hrdh.hr\/?page_id=602&lang=hr","title":{"rendered":"Smjernice"},"content":{"rendered":"<h5><strong>HRDH SMJERNICE:<\/strong><\/h5>\n<p>&nbsp;<\/p>\n<ul>\n<li><strong><a href=\"http:\/\/hrdh.hr\/wp-content\/uploads\/2022\/02\/ALL-smjernice-finalna-verzija-22022.pdf\">Smjernice za lije\u010denje Akutne limfoblasti\u010dne leukemije (ALL) &#8211; 02\/2022<\/a><\/strong><\/li>\n<\/ul>\n<ul>\n<li>\n<h6><strong><a href=\"http:\/\/hrdh.hr\/wp-content\/uploads\/2021\/06\/LIJECENJE-HEMATOLOSKIH-BOLESNIKA-U-UVJETIMA-COVID-19-EPIDEMIJE-HRDHKROHEM_04-2020.pdf\">Lije\u010denje hematolo\u0161kih bolesnika u uvjetima Covid 19 epidemije<\/a><\/strong><\/h6>\n<\/li>\n<li>\n<h6><strong><a href=\"http:\/\/hrdh.hr\/wp-content\/uploads\/2021\/02\/KROHEM-i-Hematolo\u0161ko-dru\u0161tvo-preporuke-AML-unfit.pdf\">Unfit AML smjernice<\/a><\/strong><\/h6>\n<\/li>\n<li>\n<h6><strong><a href=\"http:\/\/hrdh.hr\/wp-content\/uploads\/2020\/12\/Smjernica-za-dijagnostiku-i-lije\u010denje-policitemije-vere-HRDH-KROHEM-v1.0-27.11.2020-FInal.pdf\">Smjernica za dijagnostiku i lije\u010denje policitemije vere<\/a><\/strong><\/h6>\n<\/li>\n<\/ul>\n<h6><\/h6>\n<h5><strong>OSTALO:<\/strong><\/h5>\n<ul>\n<li>\n<h6><strong><a href=\"https:\/\/www.hematology.org\/covid-19\">ASH smjernice &#8211; COVID19<\/a><\/strong><\/h6>\n<\/li>\n<\/ul>\n<p>&nbsp;<\/p>\n","protected":false},"excerpt":{"rendered":"<p>HRDH SMJERNICE: &nbsp; Smjernice za lije\u010denje Akutne limfoblasti\u010dne leukemije (ALL) &#8211; 02\/2022 Lije\u010denje hematolo\u0161kih bolesnika u uvjetima Covid 19 epidemije Unfit AML smjernice Smjernica za dijagnostiku i lije\u010denje policitemije vere OSTALO: ASH smjernice &#8211; COVID19 &nbsp;<\/p>\n<p class=\"continue-reading-button\"> <a class=\"continue-reading-link\" href=\"https:\/\/hrdh.hr\/?page_id=602&#038;lang=hr\">Nastavite \u010ditati<i class=\"crycon-right-dir\"><\/i><\/a><\/p>\n","protected":false},"author":1,"featured_media":0,"parent":0,"menu_order":0,"comment_status":"closed","ping_status":"closed","template":"","meta":{"footnotes":""},"class_list":["post-602","page","type-page","status-publish","hentry"],"_links":{"self":[{"href":"https:\/\/hrdh.hr\/index.php?rest_route=\/wp\/v2\/pages\/602"}],"collection":[{"href":"https:\/\/hrdh.hr\/index.php?rest_route=\/wp\/v2\/pages"}],"about":[{"href":"https:\/\/hrdh.hr\/index.php?rest_route=\/wp\/v2\/types\/page"}],"author":[{"embeddable":true,"href":"https:\/\/hrdh.hr\/index.php?rest_route=\/wp\/v2\/users\/1"}],"replies":[{"embeddable":true,"href":"https:\/\/hrdh.hr\/index.php?rest_route=%2Fwp%2Fv2%2Fcomments&post=602"}],"version-history":[{"count":8,"href":"https:\/\/hrdh.hr\/index.php?rest_route=\/wp\/v2\/pages\/602\/revisions"}],"predecessor-version":[{"id":683,"href":"https:\/\/hrdh.hr\/index.php?rest_route=\/wp\/v2\/pages\/602\/revisions\/683"}],"wp:attachment":[{"href":"https:\/\/hrdh.hr\/index.php?rest_route=%2Fwp%2Fv2%2Fmedia&parent=602"}],"curies":[{"name":"wp","href":"https:\/\/api.w.org\/{rel}","templated":true}]}}